{"id":660,"date":"2026-04-16T10:48:00","date_gmt":"2026-04-16T10:48:00","guid":{"rendered":"https:\/\/calitrak.com\/fr\/?page_id=660"},"modified":"2026-04-27T16:19:35","modified_gmt":"2026-04-27T16:19:35","slug":"centre-de-support","status":"publish","type":"page","link":"https:\/\/calitrak.com\/fr\/centre-de-support\/","title":{"rendered":"Help Center &#8211; Fran\u00e7ais"},"content":{"rendered":"\n<div class=\"nfd-wb-hero__hero-1 wp-block-group alignfull uag-hide-mob is-layout-flow wp-block-group-is-layout-flow\">\n<div class=\"nfd-container nfd-gap-0 wp-block-group is-vertical is-content-justification-center is-layout-flex wp-container-core-group-is-layout-5e763914 wp-block-group-is-layout-flex\">\n<div class=\"nfd-container nfd-p-lg nfd-rounded-lg nfd-bg-surface nfd-theme-light is-style-default nfd-bg-effect-grid-3 wp-block-group alignfull has-global-padding is-layout-constrained wp-block-group-is-layout-constrained\" style=\"margin-top:0;margin-bottom:0;padding-top:50px;padding-bottom:50px\">\n<div class=\"nfd-gap-x-4xl nfd-gap-y-3xl wp-block-columns alignfull are-vertically-aligned-center is-layout-flex wp-container-core-columns-is-layout-28f84493 wp-block-columns-is-layout-flex\">\n<div class=\"wp-block-column is-vertically-aligned-center is-layout-flow wp-block-column-is-layout-flow\">\n<div class=\"nfd-gap-2xl nfd-text-md wp-block-group has-global-padding is-layout-constrained wp-container-core-group-is-layout-f156ab17 wp-block-group-is-layout-constrained\" style=\"padding-right:0;padding-left:var(--wp--preset--spacing--70)\">\n<p class=\"has-custom-navy-blue-color has-text-color has-link-color wp-elements-372fcd69f998c69717196b7787e89c9f\" style=\"font-size:50px;font-style:normal;font-weight:100\">Centre de <strong>Support.<\/strong><\/p>\n\n\n\n<div class=\"wp-block-group has-global-padding is-layout-constrained wp-block-group-is-layout-constrained\">\n<p class=\"nfd-text-md has-text-align-left has-custom-navy-blue-color has-text-color has-link-color wp-elements-4ca83f6aaaeb657eb5f36dc7fceef6ab\" style=\"margin-top:0;margin-bottom:0;padding-top:0;padding-bottom:0;font-size:30px;font-style:normal;font-weight:100\">Trouvez des guides, des r\u00e9ponses et des instructions \u00e9tape par \u00e9tape pour vous aider \u00e0 tirer le meilleur parti de Calitrak.<\/p>\n<\/div>\n<\/div>\n<\/div>\n\n\n\n<div class=\"wp-block-column is-vertically-aligned-center is-layout-flow wp-block-column-is-layout-flow\">\n<figure class=\"is-style-default nfd-wb-animate nfd-wb-fade-in-bottom-short wp-block-image aligncenter size-full is-resized has-custom-border\" style=\"margin-right:0;margin-left:0\"><img decoding=\"async\" loading=\"lazy\" src=\"https:\/\/i0.wp.com\/calitrak.com\/wp-content\/uploads\/2026\/04\/1526017835difference-between-BPO-and-call-center.jpg?fit=1024%2C683&amp;ssl=1\" alt=\"\" class=\"wp-image-1776\" style=\"border-top-left-radius:400px;border-top-right-radius:400px;border-bottom-left-radius:400px;border-bottom-right-radius:8px;box-shadow:var(--wp--preset--shadow--deep);object-fit:cover;width:500px;height:500px\"\/><\/figure>\n<\/div>\n<\/div>\n<\/div>\n<\/div>\n<\/div>\n\n\n\n<div class=\"nfd-wb-hero__hero-1 wp-block-group alignfull uag-hide-desktop uag-hide-tab has-global-padding is-layout-constrained wp-container-core-group-is-layout-33a8c7c1 wp-block-group-is-layout-constrained\" style=\"margin-top:0;padding-top:var(--wp--preset--spacing--20);padding-right:0;padding-left:0\">\n<div class=\"nfd-container nfd-gap-0 wp-block-group alignfull is-vertical is-content-justification-center is-layout-flex wp-container-core-group-is-layout-76a2fbe0 wp-block-group-is-layout-flex\" style=\"padding-right:0;padding-left:0\">\n<div class=\"nfd-container nfd-p-lg nfd-rounded-lg nfd-bg-surface nfd-theme-light is-style-default nfd-bg-effect-grid-3 wp-block-group alignfull has-global-padding is-layout-constrained wp-container-core-group-is-layout-272eddbb wp-block-group-is-layout-constrained\" style=\"margin-top:0;margin-bottom:0;padding-top:50px;padding-right:0;padding-bottom:50px;padding-left:0\">\n<div class=\"nfd-gap-x-4xl nfd-gap-y-3xl wp-block-columns alignfull are-vertically-aligned-center is-layout-flex wp-container-core-columns-is-layout-28f84493 wp-block-columns-is-layout-flex\">\n<div class=\"wp-block-column is-vertically-aligned-center is-layout-flow wp-block-column-is-layout-flow\">\n<div class=\"nfd-gap-2xl nfd-text-md wp-block-group has-global-padding is-layout-constrained wp-container-core-group-is-layout-9b8dc09b wp-block-group-is-layout-constrained\" style=\"padding-right:var(--wp--preset--spacing--30);padding-left:var(--wp--preset--spacing--70)\">\n<p class=\"has-custom-navy-blue-color has-text-color has-link-color wp-elements-33294139500804f23bc0ec8563c11df5\" style=\"font-size:40px;font-style:normal;font-weight:100\">Centre de <strong>Support.<\/strong><\/p>\n\n\n\n<div class=\"wp-block-group has-global-padding is-layout-constrained wp-block-group-is-layout-constrained\">\n<p class=\"nfd-text-md has-text-align-left has-custom-navy-blue-color has-text-color has-link-color wp-elements-e85082325907bc0a9a18a5d6634dd3da\" style=\"margin-top:0;margin-bottom:0;padding-top:0;padding-bottom:0;font-size:16px;font-style:normal;font-weight:100\">Trouvez des guides, des r\u00e9ponses et des instructions \u00e9tape par \u00e9tape pour vous aider \u00e0 tirer le meilleur parti de Calitrak.<\/p>\n\n\n\n<p class=\"nfd-text-md has-text-align-left has-custom-navy-blue-color has-text-color has-link-color wp-elements-33f9e9bc3be582f0c57b9a2639a851d4\" style=\"margin-top:0;margin-bottom:0;padding-top:0;padding-bottom:0;font-size:16px;font-style:normal;font-weight:100\">.<\/p>\n<\/div>\n<\/div>\n<\/div>\n\n\n\n<div class=\"wp-block-column is-vertically-aligned-center is-layout-flow wp-block-column-is-layout-flow\"><\/div>\n<\/div>\n<\/div>\n<\/div>\n<\/div>\n\n\n\n<div\n\tclass=\"betterdocs-category-grid-wrapper betterdocs-blocks-grid betterdocs-blocks betterdocs-categorygrid-b1pg5lf\">\n\t<div\n\t\tclass=\"betterdocs-category-grid-inner-wrapper layout-flex layout-1 grid betterdocs-column-3 betterdocs-column-tablet-2 betterdocs-column-mobile-1\" data-column_desktop=\"3\" data-column_tab=\"2\" data-column_mobile=\"1\" data-column_space_desktop=\"10\" data-colomn_space_tab=\"10\" data-colomn_space_mobile=\"10\">\n\t\t\n<article\n\tdata-id=\"9\" class=\"betterdocs-single-category-wrapper category-grid default\">\n\t<div class=\"betterdocs-single-category-inner\">\n\t\t\n<div class=\"betterdocs-category-header\">\n\t<div class=\"betterdocs-category-header-inner\">\n\t\t\n<div class=\"betterdocs-category-icon\">\n\t<img decoding=\"async\" loading=\"lazy\" alt=\"betterdocs-category-icon\" class=\"betterdocs-category-icon-img\" src=\"https:\/\/calitrak.com\/fr\/wp-content\/plugins\/betterdocs\/assets\/admin\/images\/betterdocs-cat-icon.svg?v=4.3.12\" \/><\/div>\n<h2 class=\"betterdocs-category-title\">Bien D\u00e9marrer<\/h2>\n<div data-count=\"3\" class=\"betterdocs-category-items-counts\">\n\t<span>\n\t\t 3 \t<\/span>\n<\/div>\n\t<\/div>\n<\/div>\n<div class=\"betterdocs-body\">\n<ul class=\"betterdocs-articles-list\">\n\t<li><i class=\"far fa-file-alt\"><\/i><a href=\"https:\/\/calitrak.com\/fr\/docs\/introduction\/\"><span>Introduction<\/span> <\/a><\/li><li><i class=\"far fa-file-alt\"><\/i><a href=\"https:\/\/calitrak.com\/fr\/docs\/configuration-du-compte\/\"><span>Configuration du compte<\/span> <\/a><\/li><li><i class=\"far fa-file-alt\"><\/i><a href=\"https:\/\/calitrak.com\/fr\/docs\/connexion\/\"><span>Connexion<\/span> <\/a><\/li><\/ul>\n<\/div>\t<\/div>\n<\/article>\n\n<article\n\tdata-id=\"10\" class=\"betterdocs-single-category-wrapper category-grid default\">\n\t<div class=\"betterdocs-single-category-inner\">\n\t\t\n<div class=\"betterdocs-category-header\">\n\t<div class=\"betterdocs-category-header-inner\">\n\t\t\n<div class=\"betterdocs-category-icon\">\n\t<img decoding=\"async\" loading=\"lazy\" alt=\"betterdocs-category-icon\" class=\"betterdocs-category-icon-img\" src=\"https:\/\/calitrak.com\/fr\/wp-content\/plugins\/betterdocs\/assets\/admin\/images\/betterdocs-cat-icon.svg?v=4.3.12\" \/><\/div>\n<h2 class=\"betterdocs-category-title\">Compte et Param\u00e8tres<\/h2>\n<div data-count=\"3\" class=\"betterdocs-category-items-counts\">\n\t<span>\n\t\t 3 \t<\/span>\n<\/div>\n\t<\/div>\n<\/div>\n<div class=\"betterdocs-body\">\n<ul class=\"betterdocs-articles-list\">\n\t<li><i class=\"far fa-file-alt\"><\/i><a href=\"https:\/\/calitrak.com\/fr\/docs\/modification-du-profil\/\"><span>Modification du profil<\/span> <\/a><\/li><li><i class=\"far fa-file-alt\"><\/i><a href=\"https:\/\/calitrak.com\/fr\/docs\/modification-des-parametres\/\"><span>Modification des Param\u00e8tres<\/span> <\/a><\/li><li><i class=\"far fa-file-alt\"><\/i><a href=\"https:\/\/calitrak.com\/fr\/docs\/alertes-de-statut-des-equipements\/\"><span>Alertes de Statut des \u00c9quipements<\/span> <\/a><\/li><\/ul>\n<\/div>\t<\/div>\n<\/article>\n\n<article\n\tdata-id=\"11\" class=\"betterdocs-single-category-wrapper category-grid default\">\n\t<div class=\"betterdocs-single-category-inner\">\n\t\t\n<div class=\"betterdocs-category-header\">\n\t<div class=\"betterdocs-category-header-inner\">\n\t\t\n<div class=\"betterdocs-category-icon\">\n\t<img decoding=\"async\" loading=\"lazy\" alt=\"betterdocs-category-icon\" class=\"betterdocs-category-icon-img\" src=\"https:\/\/calitrak.com\/fr\/wp-content\/plugins\/betterdocs\/assets\/admin\/images\/betterdocs-cat-icon.svg?v=4.3.12\" \/><\/div>\n<h2 class=\"betterdocs-category-title\">Vue d\u2019Ensemble des Actifs et Navigation<\/h2>\n<div data-count=\"2\" class=\"betterdocs-category-items-counts\">\n\t<span>\n\t\t 2 \t<\/span>\n<\/div>\n\t<\/div>\n<\/div>\n<div class=\"betterdocs-body\">\n<ul class=\"betterdocs-articles-list\">\n\t<li><i class=\"far fa-file-alt\"><\/i><a href=\"https:\/\/calitrak.com\/fr\/docs\/vue-densemble-des-actifs\/\"><span>Vue d\u2019Ensemble des Actifs<\/span> <\/a><\/li><li><i class=\"far fa-file-alt\"><\/i><a href=\"https:\/\/calitrak.com\/fr\/docs\/consulter-les-donnees-dun-equipement\/\"><span>Consulter les Donn\u00e9es d\u2019un \u00c9quipement<\/span> <\/a><\/li><\/ul>\n<\/div>\t<\/div>\n<\/article>\n\n<article\n\tdata-id=\"12\" class=\"betterdocs-single-category-wrapper category-grid default\">\n\t<div class=\"betterdocs-single-category-inner\">\n\t\t\n<div class=\"betterdocs-category-header\">\n\t<div class=\"betterdocs-category-header-inner\">\n\t\t\n<div class=\"betterdocs-category-icon\">\n\t<img decoding=\"async\" loading=\"lazy\" alt=\"betterdocs-category-icon\" class=\"betterdocs-category-icon-img\" src=\"https:\/\/calitrak.com\/fr\/wp-content\/plugins\/betterdocs\/assets\/admin\/images\/betterdocs-cat-icon.svg?v=4.3.12\" \/><\/div>\n<h2 class=\"betterdocs-category-title\">Gestion des \u00c9quipements<\/h2>\n<div data-count=\"3\" class=\"betterdocs-category-items-counts\">\n\t<span>\n\t\t 3 \t<\/span>\n<\/div>\n\t<\/div>\n<\/div>\n<div class=\"betterdocs-body\">\n<ul class=\"betterdocs-articles-list\">\n\t<li><i class=\"far fa-file-alt\"><\/i><a href=\"https:\/\/calitrak.com\/fr\/docs\/declasser-un-equipement\/\"><span>D\u00e9classer un \u00c9quipement<\/span> <\/a><\/li><li><i class=\"far fa-file-alt\"><\/i><a href=\"https:\/\/calitrak.com\/fr\/docs\/ajouter-un-equipement-a-votre-flotte\/\"><span>Ajouter un \u00c9quipement \u00e0 votre Flotte<\/span> <\/a><\/li><li><i class=\"far fa-file-alt\"><\/i><a href=\"https:\/\/calitrak.com\/fr\/docs\/supprimer-un-equipement-de-vos-actifs\/\"><span>Supprimer un \u00c9quipement de vos Actifs<\/span> <\/a><\/li><\/ul>\n<\/div>\t<\/div>\n<\/article>\n\n<article\n\tdata-id=\"13\" class=\"betterdocs-single-category-wrapper category-grid default\">\n\t<div class=\"betterdocs-single-category-inner\">\n\t\t\n<div class=\"betterdocs-category-header\">\n\t<div class=\"betterdocs-category-header-inner\">\n\t\t\n<div class=\"betterdocs-category-icon\">\n\t<img decoding=\"async\" loading=\"lazy\" alt=\"betterdocs-category-icon\" class=\"betterdocs-category-icon-img\" src=\"https:\/\/calitrak.com\/fr\/wp-content\/plugins\/betterdocs\/assets\/admin\/images\/betterdocs-cat-icon.svg?v=4.3.12\" \/><\/div>\n<h2 class=\"betterdocs-category-title\">Gestion du Catalogue d\u2019Entreprise<\/h2>\n<div data-count=\"2\" class=\"betterdocs-category-items-counts\">\n\t<span>\n\t\t 2 \t<\/span>\n<\/div>\n\t<\/div>\n<\/div>\n<div class=\"betterdocs-body\">\n<ul class=\"betterdocs-articles-list\">\n\t<li><i class=\"far fa-file-alt\"><\/i><a href=\"https:\/\/calitrak.com\/fr\/docs\/consulter-ou-modifier-les-equipements-dans-le-catalogue-de-votre-entreprise\/\"><span>Consulter ou Modifier les \u00c9quipements dans le Catalogue de votre Entreprise.<\/span> <\/a><\/li><li><i class=\"far fa-file-alt\"><\/i><a href=\"https:\/\/calitrak.com\/fr\/docs\/ajouter-un-equipement-a-votre-catalogue-dentreprise\/\"><span>Ajouter un \u00c9quipement \u00e0 votre Catalogue d\u2019Entreprise<\/span> <\/a><\/li><\/ul>\n<\/div>\t<\/div>\n<\/article>\n\n<article\n\tdata-id=\"14\" class=\"betterdocs-single-category-wrapper category-grid default\">\n\t<div class=\"betterdocs-single-category-inner\">\n\t\t\n<div class=\"betterdocs-category-header\">\n\t<div class=\"betterdocs-category-header-inner\">\n\t\t\n<div class=\"betterdocs-category-icon\">\n\t<img decoding=\"async\" loading=\"lazy\" alt=\"betterdocs-category-icon\" class=\"betterdocs-category-icon-img\" src=\"https:\/\/calitrak.com\/fr\/wp-content\/plugins\/betterdocs\/assets\/admin\/images\/betterdocs-cat-icon.svg?v=4.3.12\" \/><\/div>\n<h2 class=\"betterdocs-category-title\">Certificats et Conformit\u00e9<\/h2>\n<div data-count=\"1\" class=\"betterdocs-category-items-counts\">\n\t<span>\n\t\t 1 \t<\/span>\n<\/div>\n\t<\/div>\n<\/div>\n<div class=\"betterdocs-body\">\n<ul class=\"betterdocs-articles-list\">\n\t<li><i class=\"far fa-file-alt\"><\/i><a href=\"https:\/\/calitrak.com\/fr\/docs\/televerser-un-document-de-conformite\/\"><span>T\u00e9l\u00e9verser un Document de Conformit\u00e9<\/span> <\/a><\/li><\/ul>\n<\/div>\t<\/div>\n<\/article>\n\n<article\n\tdata-id=\"15\" class=\"betterdocs-single-category-wrapper category-grid default\">\n\t<div class=\"betterdocs-single-category-inner\">\n\t\t\n<div class=\"betterdocs-category-header\">\n\t<div class=\"betterdocs-category-header-inner\">\n\t\t\n<div class=\"betterdocs-category-icon\">\n\t<img decoding=\"async\" loading=\"lazy\" alt=\"betterdocs-category-icon\" class=\"betterdocs-category-icon-img\" src=\"https:\/\/calitrak.com\/fr\/wp-content\/plugins\/betterdocs\/assets\/admin\/images\/betterdocs-cat-icon.svg?v=4.3.12\" \/><\/div>\n<h2 class=\"betterdocs-category-title\">Donn\u00e9es et Rapports<\/h2>\n<div data-count=\"1\" class=\"betterdocs-category-items-counts\">\n\t<span>\n\t\t 1 \t<\/span>\n<\/div>\n\t<\/div>\n<\/div>\n<div class=\"betterdocs-body\">\n<ul class=\"betterdocs-articles-list\">\n\t<li><i class=\"far fa-file-alt\"><\/i><a href=\"https:\/\/calitrak.com\/fr\/docs\/exporter-les-resultats-de-recherche-vers-un-fichier-csv\/\"><span>Exporter les R\u00e9sultats de Recherche vers un Fichier .CSV<\/span> <\/a><\/li><\/ul>\n<\/div>\t<\/div>\n<\/article>\n\t<\/div>\n\t\t<div class=\"clearfix\"><\/div>\n\t<\/div>\n","protected":false},"excerpt":{"rendered":"<p>Centre de Support. Trouvez des guides, des r\u00e9ponses et des instructions \u00e9tape par \u00e9tape pour vous aider \u00e0 tirer le meilleur parti de Calitrak. Centre de Support. Trouvez des guides, des r\u00e9ponses et des instructions \u00e9tape par \u00e9tape pour vous aider \u00e0 tirer le meilleur parti de Calitrak. .<\/p>\n","protected":false},"author":2,"featured_media":0,"parent":0,"menu_order":0,"comment_status":"closed","ping_status":"closed","template":"page-no-title","meta":{"nf_dc_page":"","om_disable_all_campaigns":false,"_uag_custom_page_level_css":"","footnotes":""},"class_list":["post-660","page","type-page","status-publish","hentry"],"yoast_head":"<!-- This site is optimized with the Yoast SEO plugin v27.5 - https:\/\/yoast.com\/product\/yoast-seo-wordpress\/ -->\n<title>Centre de Support - Aide et Assistance Calitrak<\/title>\n<meta name=\"description\" content=\"Acc\u00e9dez au centre de support Calitrak pour obtenir de l&#039;aide, des FAQ, et des solutions pour optimiser la gestion de vos \u00e9quipements.\" \/>\n<meta name=\"robots\" content=\"index, follow, max-snippet:-1, max-image-preview:large, max-video-preview:-1\" \/>\n<link rel=\"canonical\" href=\"https:\/\/calitrak.com\/fr\/centre-de-support\/\" \/>\n<meta property=\"og:locale\" content=\"fr_FR\" \/>\n<meta property=\"og:type\" content=\"article\" \/>\n<meta property=\"og:title\" content=\"Centre de Support - Aide et Assistance Calitrak\" \/>\n<meta property=\"og:description\" content=\"Acc\u00e9dez au centre de support Calitrak pour obtenir de l&#039;aide, des FAQ, et des solutions pour optimiser la gestion de vos \u00e9quipements.\" \/>\n<meta property=\"og:url\" content=\"https:\/\/calitrak.com\/fr\/centre-de-support\/\" \/>\n<meta property=\"og:site_name\" content=\"Calitrak\" \/>\n<meta property=\"article:modified_time\" content=\"2026-04-27T16:19:35+00:00\" \/>\n<meta name=\"twitter:card\" content=\"summary_large_image\" \/>\n<meta name=\"twitter:label1\" content=\"Dur\u00e9e de lecture estim\u00e9e\" \/>\n\t<meta name=\"twitter:data1\" content=\"1 minute\" \/>\n<script type=\"application\/ld+json\" class=\"yoast-schema-graph\">{\"@context\":\"https:\\\/\\\/schema.org\",\"@graph\":[{\"@type\":\"WebPage\",\"@id\":\"https:\\\/\\\/calitrak.com\\\/fr\\\/centre-de-support\\\/\",\"url\":\"https:\\\/\\\/calitrak.com\\\/fr\\\/centre-de-support\\\/\",\"name\":\"Centre de Support - Aide et Assistance Calitrak\",\"isPartOf\":{\"@id\":\"https:\\\/\\\/calitrak.com\\\/fr\\\/#website\"},\"primaryImageOfPage\":{\"@id\":\"https:\\\/\\\/calitrak.com\\\/fr\\\/centre-de-support\\\/#primaryimage\"},\"image\":{\"@id\":\"https:\\\/\\\/calitrak.com\\\/fr\\\/centre-de-support\\\/#primaryimage\"},\"thumbnailUrl\":\"https:\\\/\\\/i0.wp.com\\\/calitrak.com\\\/wp-content\\\/uploads\\\/2026\\\/04\\\/1526017835difference-between-BPO-and-call-center.jpg?fit=1024%2C683&amp;ssl=1\",\"datePublished\":\"2026-04-16T10:48:00+00:00\",\"dateModified\":\"2026-04-27T16:19:35+00:00\",\"description\":\"Acc\u00e9dez au centre de support Calitrak pour obtenir de l'aide, des FAQ, et des solutions pour optimiser la gestion de vos \u00e9quipements.\",\"breadcrumb\":{\"@id\":\"https:\\\/\\\/calitrak.com\\\/fr\\\/centre-de-support\\\/#breadcrumb\"},\"inLanguage\":\"fr-FR\",\"potentialAction\":[{\"@type\":\"ReadAction\",\"target\":[\"https:\\\/\\\/calitrak.com\\\/fr\\\/centre-de-support\\\/\"]}]},{\"@type\":\"ImageObject\",\"inLanguage\":\"fr-FR\",\"@id\":\"https:\\\/\\\/calitrak.com\\\/fr\\\/centre-de-support\\\/#primaryimage\",\"url\":\"https:\\\/\\\/i0.wp.com\\\/calitrak.com\\\/wp-content\\\/uploads\\\/2026\\\/04\\\/1526017835difference-between-BPO-and-call-center.jpg?fit=1024%2C683&amp;ssl=1\",\"contentUrl\":\"https:\\\/\\\/i0.wp.com\\\/calitrak.com\\\/wp-content\\\/uploads\\\/2026\\\/04\\\/1526017835difference-between-BPO-and-call-center.jpg?fit=1024%2C683&amp;ssl=1\"},{\"@type\":\"BreadcrumbList\",\"@id\":\"https:\\\/\\\/calitrak.com\\\/fr\\\/centre-de-support\\\/#breadcrumb\",\"itemListElement\":[{\"@type\":\"ListItem\",\"position\":1,\"name\":\"Accueil\",\"item\":\"https:\\\/\\\/calitrak.com\\\/fr\\\/\"},{\"@type\":\"ListItem\",\"position\":2,\"name\":\"Help Center &#8211; Fran\u00e7ais\"}]},{\"@type\":\"WebSite\",\"@id\":\"https:\\\/\\\/calitrak.com\\\/fr\\\/#website\",\"url\":\"https:\\\/\\\/calitrak.com\\\/fr\\\/\",\"name\":\"Calitrak\",\"description\":\"Simplifiez la calibration et la gestion des \u00e9quipements sur une plateforme intelligente.\",\"publisher\":{\"@id\":\"https:\\\/\\\/calitrak.com\\\/fr\\\/#organization\"},\"potentialAction\":[{\"@type\":\"SearchAction\",\"target\":{\"@type\":\"EntryPoint\",\"urlTemplate\":\"https:\\\/\\\/calitrak.com\\\/fr\\\/?s={search_term_string}\"},\"query-input\":{\"@type\":\"PropertyValueSpecification\",\"valueRequired\":true,\"valueName\":\"search_term_string\"}}],\"inLanguage\":\"fr-FR\"},{\"@type\":\"Organization\",\"@id\":\"https:\\\/\\\/calitrak.com\\\/fr\\\/#organization\",\"name\":\"Calitrak\",\"url\":\"https:\\\/\\\/calitrak.com\\\/fr\\\/\",\"logo\":{\"@type\":\"ImageObject\",\"inLanguage\":\"fr-FR\",\"@id\":\"https:\\\/\\\/calitrak.com\\\/fr\\\/#\\\/schema\\\/logo\\\/image\\\/\",\"url\":\"https:\\\/\\\/i0.wp.com\\\/calitrak.com\\\/fr\\\/wp-content\\\/uploads\\\/sites\\\/2\\\/2026\\\/03\\\/Screenshot-2026-03-13-100454-1.webp?fit=1506%2C435&ssl=1\",\"contentUrl\":\"https:\\\/\\\/i0.wp.com\\\/calitrak.com\\\/fr\\\/wp-content\\\/uploads\\\/sites\\\/2\\\/2026\\\/03\\\/Screenshot-2026-03-13-100454-1.webp?fit=1506%2C435&ssl=1\",\"width\":1506,\"height\":435,\"caption\":\"Calitrak\"},\"image\":{\"@id\":\"https:\\\/\\\/calitrak.com\\\/fr\\\/#\\\/schema\\\/logo\\\/image\\\/\"}}]}<\/script>\n<!-- \/ Yoast SEO plugin. -->","yoast_head_json":{"title":"Centre de Support - Aide et Assistance Calitrak","description":"Acc\u00e9dez au centre de support Calitrak pour obtenir de l'aide, des FAQ, et des solutions pour optimiser la gestion de vos \u00e9quipements.","robots":{"index":"index","follow":"follow","max-snippet":"max-snippet:-1","max-image-preview":"max-image-preview:large","max-video-preview":"max-video-preview:-1"},"canonical":"https:\/\/calitrak.com\/fr\/centre-de-support\/","og_locale":"fr_FR","og_type":"article","og_title":"Centre de Support - Aide et Assistance Calitrak","og_description":"Acc\u00e9dez au centre de support Calitrak pour obtenir de l'aide, des FAQ, et des solutions pour optimiser la gestion de vos \u00e9quipements.","og_url":"https:\/\/calitrak.com\/fr\/centre-de-support\/","og_site_name":"Calitrak","article_modified_time":"2026-04-27T16:19:35+00:00","twitter_card":"summary_large_image","twitter_misc":{"Dur\u00e9e de lecture estim\u00e9e":"1 minute"},"schema":{"@context":"https:\/\/schema.org","@graph":[{"@type":"WebPage","@id":"https:\/\/calitrak.com\/fr\/centre-de-support\/","url":"https:\/\/calitrak.com\/fr\/centre-de-support\/","name":"Centre de Support - Aide et Assistance Calitrak","isPartOf":{"@id":"https:\/\/calitrak.com\/fr\/#website"},"primaryImageOfPage":{"@id":"https:\/\/calitrak.com\/fr\/centre-de-support\/#primaryimage"},"image":{"@id":"https:\/\/calitrak.com\/fr\/centre-de-support\/#primaryimage"},"thumbnailUrl":"https:\/\/i0.wp.com\/calitrak.com\/wp-content\/uploads\/2026\/04\/1526017835difference-between-BPO-and-call-center.jpg?fit=1024%2C683&amp;ssl=1","datePublished":"2026-04-16T10:48:00+00:00","dateModified":"2026-04-27T16:19:35+00:00","description":"Acc\u00e9dez au centre de support Calitrak pour obtenir de l'aide, des FAQ, et des solutions pour optimiser la gestion de vos \u00e9quipements.","breadcrumb":{"@id":"https:\/\/calitrak.com\/fr\/centre-de-support\/#breadcrumb"},"inLanguage":"fr-FR","potentialAction":[{"@type":"ReadAction","target":["https:\/\/calitrak.com\/fr\/centre-de-support\/"]}]},{"@type":"ImageObject","inLanguage":"fr-FR","@id":"https:\/\/calitrak.com\/fr\/centre-de-support\/#primaryimage","url":"https:\/\/i0.wp.com\/calitrak.com\/wp-content\/uploads\/2026\/04\/1526017835difference-between-BPO-and-call-center.jpg?fit=1024%2C683&amp;ssl=1","contentUrl":"https:\/\/i0.wp.com\/calitrak.com\/wp-content\/uploads\/2026\/04\/1526017835difference-between-BPO-and-call-center.jpg?fit=1024%2C683&amp;ssl=1"},{"@type":"BreadcrumbList","@id":"https:\/\/calitrak.com\/fr\/centre-de-support\/#breadcrumb","itemListElement":[{"@type":"ListItem","position":1,"name":"Accueil","item":"https:\/\/calitrak.com\/fr\/"},{"@type":"ListItem","position":2,"name":"Help Center &#8211; Fran\u00e7ais"}]},{"@type":"WebSite","@id":"https:\/\/calitrak.com\/fr\/#website","url":"https:\/\/calitrak.com\/fr\/","name":"Calitrak","description":"Simplifiez la calibration et la gestion des \u00e9quipements sur une plateforme intelligente.","publisher":{"@id":"https:\/\/calitrak.com\/fr\/#organization"},"potentialAction":[{"@type":"SearchAction","target":{"@type":"EntryPoint","urlTemplate":"https:\/\/calitrak.com\/fr\/?s={search_term_string}"},"query-input":{"@type":"PropertyValueSpecification","valueRequired":true,"valueName":"search_term_string"}}],"inLanguage":"fr-FR"},{"@type":"Organization","@id":"https:\/\/calitrak.com\/fr\/#organization","name":"Calitrak","url":"https:\/\/calitrak.com\/fr\/","logo":{"@type":"ImageObject","inLanguage":"fr-FR","@id":"https:\/\/calitrak.com\/fr\/#\/schema\/logo\/image\/","url":"https:\/\/i0.wp.com\/calitrak.com\/fr\/wp-content\/uploads\/sites\/2\/2026\/03\/Screenshot-2026-03-13-100454-1.webp?fit=1506%2C435&ssl=1","contentUrl":"https:\/\/i0.wp.com\/calitrak.com\/fr\/wp-content\/uploads\/sites\/2\/2026\/03\/Screenshot-2026-03-13-100454-1.webp?fit=1506%2C435&ssl=1","width":1506,"height":435,"caption":"Calitrak"},"image":{"@id":"https:\/\/calitrak.com\/fr\/#\/schema\/logo\/image\/"}}]}},"uagb_featured_image_src":{"full":false,"thumbnail":false,"medium":false,"medium_large":false,"large":false,"1536x1536":false,"2048x2048":false},"uagb_author_info":{"display_name":"Andres Gleixner","author_link":"https:\/\/calitrak.com\/fr\/author\/an3\/"},"uagb_comment_info":0,"uagb_excerpt":"Centre de Support. Trouvez des guides, des r\u00e9ponses et des instructions \u00e9tape par \u00e9tape pour vous aider \u00e0 tirer le meilleur parti de Calitrak. Centre de Support. Trouvez des guides, des r\u00e9ponses et des instructions \u00e9tape par \u00e9tape pour vous aider \u00e0 tirer le meilleur parti de Calitrak. .","jetpack_sharing_enabled":true,"_links":{"self":[{"href":"https:\/\/calitrak.com\/fr\/wp-json\/wp\/v2\/pages\/660","targetHints":{"allow":["GET"]}}],"collection":[{"href":"https:\/\/calitrak.com\/fr\/wp-json\/wp\/v2\/pages"}],"about":[{"href":"https:\/\/calitrak.com\/fr\/wp-json\/wp\/v2\/types\/page"}],"author":[{"embeddable":true,"href":"https:\/\/calitrak.com\/fr\/wp-json\/wp\/v2\/users\/2"}],"replies":[{"embeddable":true,"href":"https:\/\/calitrak.com\/fr\/wp-json\/wp\/v2\/comments?post=660"}],"version-history":[{"count":7,"href":"https:\/\/calitrak.com\/fr\/wp-json\/wp\/v2\/pages\/660\/revisions"}],"predecessor-version":[{"id":872,"href":"https:\/\/calitrak.com\/fr\/wp-json\/wp\/v2\/pages\/660\/revisions\/872"}],"wp:attachment":[{"href":"https:\/\/calitrak.com\/fr\/wp-json\/wp\/v2\/media?parent=660"}],"curies":[{"name":"wp","href":"https:\/\/api.w.org\/{rel}","templated":true}]}}