{"id":321,"date":"2026-03-17T05:47:45","date_gmt":"2026-03-17T05:47:45","guid":{"rendered":"https:\/\/bix.oni.mybluehost.me\/website_36b3df82\/fr\/?page_id=321"},"modified":"2026-04-25T12:40:44","modified_gmt":"2026-04-25T12:40:44","slug":"politique-de-cookies","status":"publish","type":"page","link":"https:\/\/calitrak.com\/fr\/politique-de-cookies\/","title":{"rendered":"Cookie Policy &#8211; Fran\u00e7ais"},"content":{"rendered":"\n<div class=\"nfd-wb-hero__hero-1 wp-block-group alignfull uag-hide-mob is-layout-flow wp-block-group-is-layout-flow\">\n<div class=\"nfd-container nfd-gap-0 wp-block-group is-vertical is-content-justification-center is-layout-flex wp-container-core-group-is-layout-5e763914 wp-block-group-is-layout-flex\">\n<div class=\"nfd-container nfd-p-lg nfd-rounded-lg nfd-bg-surface nfd-theme-light is-style-default nfd-bg-effect-grid-3 wp-block-group alignfull has-global-padding is-layout-constrained wp-block-group-is-layout-constrained\" style=\"margin-top:0;margin-bottom:0;padding-top:50px;padding-bottom:50px\">\n<div class=\"nfd-gap-x-4xl nfd-gap-y-3xl wp-block-columns alignfull are-vertically-aligned-center is-layout-flex wp-container-core-columns-is-layout-28f84493 wp-block-columns-is-layout-flex\">\n<div class=\"wp-block-column is-vertically-aligned-center is-layout-flow wp-block-column-is-layout-flow\">\n<div class=\"nfd-gap-2xl nfd-text-md wp-block-group has-global-padding is-layout-constrained wp-container-core-group-is-layout-f156ab17 wp-block-group-is-layout-constrained\" style=\"padding-right:0;padding-left:var(--wp--preset--spacing--70)\">\n<p class=\"has-custom-navy-blue-color has-text-color has-link-color wp-elements-94d3003760d5f2cc5310a75c427b4c7f\" style=\"font-size:50px;font-style:normal;font-weight:100\">Politique de <strong>Cookies<\/strong>.<\/p>\n\n\n\n<p class=\"nfd-text-md has-text-align-left has-custom-navy-blue-color has-text-color has-link-color wp-elements-d92362423828a77eeb4a1c4f58165d9e\" style=\"margin-top:0;margin-bottom:0;padding-top:var(--wp--preset--spacing--30);padding-bottom:0;font-size:30px;font-style:normal;font-weight:100\">Cette politique explique comment Calitrak utilise les cookies essentiels pour garantir un acc\u00e8s s\u00e9curis\u00e9 et am\u00e9liorer votre exp\u00e9rience utilisateur.<\/p>\n\n\n\n<p class=\"nfd-text-md has-text-align-left has-custom-navy-blue-color has-text-color has-link-color wp-elements-4fb9c94554e0b606198c729a14ef0759\" style=\"margin-top:0;margin-bottom:0;padding-top:var(--wp--preset--spacing--20);padding-bottom:var(--wp--preset--spacing--20);font-size:16px;font-style:normal;font-weight:100\"><strong>Derni\u00e8re mise \u00e0 jour&nbsp;:&nbsp;<\/strong>17&nbsp;mars&nbsp;2026<\/p>\n<\/div>\n<\/div>\n\n\n\n<div class=\"wp-block-column is-vertically-aligned-center is-layout-flow wp-block-column-is-layout-flow\">\n<figure class=\"is-style-default nfd-wb-animate nfd-wb-fade-in-bottom-short wp-block-image aligncenter size-full is-resized has-custom-border\" style=\"margin-right:0;margin-left:0\"><img decoding=\"async\" loading=\"lazy\" src=\"https:\/\/i0.wp.com\/bix.oni.mybluehost.me\/website_36b3df82\/wp-content\/uploads\/2026\/03\/shutterstock_108179315_1.jpg?fit=1024%2C576&amp;ssl=1\" alt=\"\" class=\"wp-image-735\" style=\"border-top-left-radius:400px;border-top-right-radius:400px;border-bottom-left-radius:400px;border-bottom-right-radius:8px;box-shadow:var(--wp--preset--shadow--deep);object-fit:cover;width:500px;height:500px\"\/><\/figure>\n<\/div>\n<\/div>\n<\/div>\n<\/div>\n<\/div>\n\n\n\n<div class=\"nfd-wb-hero__hero-1 wp-block-group alignfull uag-hide-desktop uag-hide-tab has-global-padding is-layout-constrained wp-block-group-is-layout-constrained\" style=\"margin-top:0;padding-top:var(--wp--preset--spacing--20)\">\n<div class=\"nfd-container nfd-gap-0 wp-block-group alignfull is-vertical is-content-justification-center is-layout-flex wp-container-core-group-is-layout-5e763914 wp-block-group-is-layout-flex\">\n<div class=\"nfd-container nfd-p-lg nfd-rounded-lg nfd-bg-surface nfd-theme-light is-style-default nfd-bg-effect-grid-3 wp-block-group alignfull has-global-padding is-layout-constrained wp-block-group-is-layout-constrained\" style=\"margin-top:0;margin-bottom:0;padding-top:50px;padding-bottom:50px\">\n<div class=\"nfd-gap-x-4xl nfd-gap-y-3xl wp-block-columns alignfull are-vertically-aligned-center is-layout-flex wp-container-core-columns-is-layout-28f84493 wp-block-columns-is-layout-flex\">\n<div class=\"wp-block-column is-vertically-aligned-center is-layout-flow wp-block-column-is-layout-flow\">\n<div class=\"nfd-gap-2xl nfd-text-md wp-block-group has-global-padding is-layout-constrained wp-container-core-group-is-layout-af66820a wp-block-group-is-layout-constrained\" style=\"padding-right:var(--wp--preset--spacing--50);padding-left:var(--wp--preset--spacing--60)\">\n<p class=\"has-custom-navy-blue-color has-text-color has-link-color wp-elements-ad049cc72154cb4985489c026c140492\" style=\"font-size:40px;font-style:normal;font-weight:100\">Politique de <strong>Cookies<\/strong>.<\/p>\n\n\n\n<p class=\"nfd-text-md has-text-align-left has-custom-navy-blue-color has-text-color has-link-color wp-elements-a3c185f59326a25588d7b0b29557039f\" style=\"margin-top:0;margin-bottom:0;padding-top:var(--wp--preset--spacing--30);padding-bottom:0;font-size:18px;font-style:normal;font-weight:100\">Cette politique explique comment Calitrak utilise les cookies essentiels pour garantir un acc\u00e8s s\u00e9curis\u00e9 et am\u00e9liorer votre exp\u00e9rience utilisateur.<\/p>\n\n\n\n<p class=\"nfd-text-md has-text-align-left has-custom-navy-blue-color has-text-color has-link-color wp-elements-e27a49d70000a3e4acfed65519c54307\" style=\"margin-top:0;margin-bottom:0;padding-top:var(--wp--preset--spacing--20);padding-bottom:var(--wp--preset--spacing--20);font-size:14px;font-style:normal;font-weight:100\"><strong>Derni\u00e8re mise \u00e0 jour&nbsp;:&nbsp;<\/strong>17&nbsp;mars&nbsp;2026<\/p>\n<\/div>\n<\/div>\n<\/div>\n<\/div>\n<\/div>\n<\/div>\n\n\n\n<h2 class=\"wp-block-heading has-custom-navy-blue-color has-text-color has-link-color wp-elements-7bbc820fc90304dd0369ff5b1d4fbf32\">1. INTRODUCTION<\/h2>\n\n\n\n<p class=\"has-custom-navy-blue-color has-text-color has-link-color wp-elements-e3974df5531f7882987ecaea234bb184\">Cette politique de cookies explique comment <strong>Calitrak<\/strong> (\u00ab&nbsp;nous&nbsp;\u00bb, \u00ab&nbsp;notre&nbsp;\u00bb ou \u00ab&nbsp;nos&nbsp;\u00bb) utilise les cookies et technologies similaires lorsque vous acc\u00e9dez \u00e0 et utilisez notre plateforme et site web.<\/p>\n\n\n\n<p class=\"has-custom-navy-blue-color has-text-color has-link-color wp-elements-2a545772a25e490c88b3182eb4921881\">En utilisant <strong>Calitrak<\/strong>, vous acceptez l\u2019utilisation de cookies comme d\u00e9crit dans cette politique.<\/p>\n\n\n\n<h2 class=\"wp-block-heading has-custom-navy-blue-color has-text-color has-link-color wp-elements-872935b3daa2c33c4307e0dbcd54dba0\">2. QUE SONT LES COOKIES?<\/h2>\n\n\n\n<p class=\"has-custom-navy-blue-color has-text-color has-link-color wp-elements-37f22f6d09e6a5a73d3490fab18c1e5f\">Les cookies sont de petits fichiers texte stock\u00e9s sur votre appareil (ordinateur, tablette ou mobile) lorsque vous visitez un site web. Ils aident \u00e0 am\u00e9liorer votre exp\u00e9rience en se souvenant de vos pr\u00e9f\u00e9rences et en activant certaines fonctionnalit\u00e9s.<\/p>\n\n\n\n<h2 class=\"wp-block-heading has-custom-navy-blue-color has-text-color has-link-color wp-elements-8d3fcf96162fe7700b22ede003209e86\">3. COOKIES QUE NOUS UTILISONS<\/h2>\n\n\n\n<p class=\"has-custom-navy-blue-color has-text-color has-link-color wp-elements-4c03cf880668fa90a0dad9f932e9d696\"><strong>Calitrak<\/strong> utilise uniquement les cookies essentiels n\u00e9cessaires au bon fonctionnement de la plateforme. Nous n\u2019utilisons pas de cookies de suivi, de publicit\u00e9 ou d\u2019analyse.<\/p>\n\n\n\n<ol class=\"wp-block-list\">\n<li class=\"has-custom-navy-blue-color has-text-color has-link-color wp-elements-7169ce4f57eb784ae860e31308293eb4\"><strong>Cookies d\u2019authentification (\u00ab&nbsp;Souvenez-vous de moi&nbsp;\u00bb)<\/strong>\n<ul class=\"wp-block-list\">\n<li class=\"\"><strong>But&nbsp;:<\/strong> Pour rester connect\u00e9 \u00e0 votre compte lorsque vous s\u00e9lectionnez l\u2019option \u00ab&nbsp;Se souvenir de moi&nbsp;\u00bb.<\/li>\n\n\n\n<li class=\"\"><strong>Type&nbsp;: <\/strong>Cookie persistant.<\/li>\n\n\n\n<li class=\"\"><strong>Dur\u00e9e&nbsp;: <\/strong>Stock\u00e9 pour une p\u00e9riode limit\u00e9e ou jusqu\u2019\u00e0 ce que vous vous d\u00e9connectiez ou effaciez les cookies de votre navigateur.<\/li>\n\n\n\n<li class=\"\"><strong>Impact si d\u00e9sactiv\u00e9&nbsp;: <\/strong>Vous devrez vous connecter chaque fois que vous acc\u00e9dez \u00e0 la plateforme.<\/li>\n<\/ul>\n<\/li>\n\n\n\n<li class=\"has-custom-navy-blue-color has-text-color has-link-color wp-elements-3f37c159c2f45545ed9765117758c10e\"><strong>Cookies de pr\u00e9f\u00e9rence d\u2019interface utilisateur (UI)<\/strong>\n<ul class=\"wp-block-list\">\n<li class=\"has-custom-navy-blue-color has-text-color has-link-color wp-elements-e6fa9406077bb6f8bdb66000e6026113\"><strong>But&nbsp;: <\/strong>Se souvenir de vos pr\u00e9f\u00e9rences d\u2019interface telles que la langue, les param\u00e8tres d\u2019affichage ou les choix de mise en page.<\/li>\n\n\n\n<li class=\"\"><strong>Type&nbsp;: <\/strong>Cookie persistant.<\/li>\n\n\n\n<li class=\"\"><strong>Dur\u00e9e&nbsp;: <\/strong>Stock\u00e9 jusqu\u2019\u00e0 ce qu\u2019il soit modifi\u00e9 ou supprim\u00e9.<\/li>\n\n\n\n<li class=\"has-custom-navy-blue-color has-text-color has-link-color wp-elements-d35e3df723440b237f6efb1593b925cc\"><strong>Impact si d\u00e9sactiv\u00e9&nbsp;: <\/strong>Vos pr\u00e9f\u00e9rences ne seront pas enregistr\u00e9es, et les param\u00e8tres par d\u00e9faut seront appliqu\u00e9s \u00e0 chaque fois.<\/li>\n<\/ul>\n<\/li>\n<\/ol>\n\n\n\n<h2 class=\"wp-block-heading has-custom-navy-blue-color has-text-color has-link-color wp-elements-e7e73f9c6d64a272c2a6b05f43b9bf09\">4. COOKIES DE TIERS<\/h2>\n\n\n\n<p class=\"has-custom-navy-blue-color has-text-color has-link-color wp-elements-efb27eff23fad9029124dc25f7525709\"><strong>Calitrak<\/strong> n\u2019utilise pas de cookies tiers.<\/p>\n\n\n\n<h2 class=\"wp-block-heading has-custom-navy-blue-color has-text-color has-link-color wp-elements-ca87c1d22d76eec93093239625a4e050\">5. GESTION DES COOKIES<\/h2>\n\n\n\n<p class=\"has-custom-navy-blue-color has-text-color has-link-color wp-elements-c2714f2e7b9e731c205a9dd4badfcce2\">Vous pouvez contr\u00f4ler et g\u00e9rer les cookies via les param\u00e8tres de votre navigateur. La plupart des navigateurs vous permettent de&nbsp;:<\/p>\n\n\n\n<ol class=\"wp-block-list\">\n<li class=\"has-custom-navy-blue-color has-text-color has-link-color wp-elements-59743544f090147d11d24ca03da4d428\">Voir les cookies stock\u00e9s.<\/li>\n\n\n\n<li class=\"\">Supprimer les cookies.<\/li>\n\n\n\n<li class=\"\">Bloquer les cookies de sites sp\u00e9cifiques.<\/li>\n\n\n\n<li class=\"has-custom-navy-blue-color has-text-color has-link-color wp-elements-2febf66c6d888aaa4c6857d96dd23571\">Bloquer tous les cookies.<\/li>\n<\/ol>\n\n\n\n<p class=\"has-custom-navy-blue-color has-text-color has-link-color wp-elements-c79b50974524d4c822dd151187e1c6dd\">Veuillez noter que la d\u00e9sactivation des cookies essentiels peut affecter le fonctionnement de la plateforme.<\/p>\n\n\n\n<h2 class=\"wp-block-heading has-custom-navy-blue-color has-text-color has-link-color wp-elements-962b2822c97c3f93172c8e0e580ff767\">6. MISE \u00c0 JOUR DE CETTE POLITIQUE<\/h2>\n\n\n\n<p class=\"has-custom-navy-blue-color has-text-color has-link-color wp-elements-6d4351fbda2227aa0ae25b0ef4488ed3\">Nous pouvons mettre \u00e0 jour cette politique de cookies de temps en temps pour refl\u00e9ter les changements dans la technologie ou les exigences l\u00e9gales. Toutes les mises \u00e0 jour seront affich\u00e9es sur cette page avec une date d\u2019entr\u00e9e en vigueur r\u00e9vis\u00e9e.<\/p>\n\n\n\n<h2 class=\"wp-block-heading has-custom-navy-blue-color has-text-color has-link-color wp-elements-a42887d71b13f5f79cc6c02685d92e2d\">13. COORDONN\u00c9ES<\/h2>\n\n\n\n<p class=\"has-custom-navy-blue-color has-text-color has-link-color wp-elements-fcaae0312b96ea9fdb9ce62746377e3f\">Si vous avez des questions ou des demandes concernant cette politique de cookies ou comment nous utilisons les cookies, veuillez nous contacter \u00e0&nbsp;:<\/p>\n\n\n\n<p class=\"has-custom-navy-blue-color has-text-color has-link-color wp-elements-a5ffc1104f18f5190f7b7dcaa3c9212f\"><strong>Calitrak<br><\/strong>Courriel : info@calitrak.com<br>Adresse : 3-2847 Rue College, Sherbrooke (Qc), Canada, J1M 1T6<\/p>\n","protected":false},"excerpt":{"rendered":"<p>Politique de Cookies. Cette politique explique comment Calitrak utilise les cookies essentiels pour garantir un acc\u00e8s s\u00e9curis\u00e9 et am\u00e9liorer votre exp\u00e9rience utilisateur. Derni\u00e8re mise \u00e0 jour&nbsp;:&nbsp;17&nbsp;mars&nbsp;2026 Politique de Cookies. Cette politique explique comment Calitrak utilise les cookies essentiels pour garantir un acc\u00e8s s\u00e9curis\u00e9 et am\u00e9liorer votre exp\u00e9rience utilisateur. Derni\u00e8re mise \u00e0 jour&nbsp;:&nbsp;17&nbsp;mars&nbsp;2026 1. INTRODUCTION Cette [&hellip;]<\/p>\n","protected":false},"author":2,"featured_media":0,"parent":0,"menu_order":0,"comment_status":"closed","ping_status":"closed","template":"page-no-title","meta":{"nf_dc_page":"","om_disable_all_campaigns":false,"_uag_custom_page_level_css":"","footnotes":""},"class_list":["post-321","page","type-page","status-publish","hentry"],"yoast_head":"<!-- This site is optimized with the Yoast SEO plugin v27.5 - https:\/\/yoast.com\/product\/yoast-seo-wordpress\/ -->\n<title>Politique de Cookies - Calitrak<\/title>\n<meta name=\"description\" content=\"D\u00e9couvrez la politique de cookies de Calitrak pour comprendre comment nous utilisons les cookies sur notre site. Prot\u00e9gez vos donn\u00e9es et personnalisez vos pr\u00e9f\u00e9rences.\" \/>\n<meta name=\"robots\" content=\"index, follow, max-snippet:-1, max-image-preview:large, max-video-preview:-1\" \/>\n<link rel=\"canonical\" href=\"https:\/\/calitrak.com\/fr\/politique-de-cookies\/\" \/>\n<meta property=\"og:locale\" content=\"fr_FR\" \/>\n<meta property=\"og:type\" content=\"article\" \/>\n<meta property=\"og:title\" content=\"Politique de Cookies - Calitrak\" \/>\n<meta property=\"og:description\" content=\"D\u00e9couvrez la politique de cookies de Calitrak pour comprendre comment nous utilisons les cookies sur notre site. Prot\u00e9gez vos donn\u00e9es et personnalisez vos pr\u00e9f\u00e9rences.\" \/>\n<meta property=\"og:url\" content=\"https:\/\/calitrak.com\/fr\/politique-de-cookies\/\" \/>\n<meta property=\"og:site_name\" content=\"Calitrak\" \/>\n<meta property=\"article:modified_time\" content=\"2026-04-25T12:40:44+00:00\" \/>\n<meta name=\"twitter:card\" content=\"summary_large_image\" \/>\n<meta name=\"twitter:label1\" content=\"Dur\u00e9e de lecture estim\u00e9e\" \/>\n\t<meta name=\"twitter:data1\" content=\"3 minutes\" \/>\n<script type=\"application\/ld+json\" class=\"yoast-schema-graph\">{\"@context\":\"https:\\\/\\\/schema.org\",\"@graph\":[{\"@type\":\"WebPage\",\"@id\":\"https:\\\/\\\/calitrak.com\\\/fr\\\/politique-de-cookies\\\/\",\"url\":\"https:\\\/\\\/calitrak.com\\\/fr\\\/politique-de-cookies\\\/\",\"name\":\"Politique de Cookies - Calitrak\",\"isPartOf\":{\"@id\":\"https:\\\/\\\/calitrak.com\\\/fr\\\/#website\"},\"primaryImageOfPage\":{\"@id\":\"https:\\\/\\\/calitrak.com\\\/fr\\\/politique-de-cookies\\\/#primaryimage\"},\"image\":{\"@id\":\"https:\\\/\\\/calitrak.com\\\/fr\\\/politique-de-cookies\\\/#primaryimage\"},\"thumbnailUrl\":\"https:\\\/\\\/i0.wp.com\\\/bix.oni.mybluehost.me\\\/website_36b3df82\\\/wp-content\\\/uploads\\\/2026\\\/03\\\/shutterstock_108179315_1.jpg?fit=1024%2C576&amp;ssl=1\",\"datePublished\":\"2026-03-17T05:47:45+00:00\",\"dateModified\":\"2026-04-25T12:40:44+00:00\",\"description\":\"D\u00e9couvrez la politique de cookies de Calitrak pour comprendre comment nous utilisons les cookies sur notre site. Prot\u00e9gez vos donn\u00e9es et personnalisez vos pr\u00e9f\u00e9rences.\",\"breadcrumb\":{\"@id\":\"https:\\\/\\\/calitrak.com\\\/fr\\\/politique-de-cookies\\\/#breadcrumb\"},\"inLanguage\":\"fr-FR\",\"potentialAction\":[{\"@type\":\"ReadAction\",\"target\":[\"https:\\\/\\\/calitrak.com\\\/fr\\\/politique-de-cookies\\\/\"]}]},{\"@type\":\"ImageObject\",\"inLanguage\":\"fr-FR\",\"@id\":\"https:\\\/\\\/calitrak.com\\\/fr\\\/politique-de-cookies\\\/#primaryimage\",\"url\":\"https:\\\/\\\/i0.wp.com\\\/bix.oni.mybluehost.me\\\/website_36b3df82\\\/wp-content\\\/uploads\\\/2026\\\/03\\\/shutterstock_108179315_1.jpg?fit=1024%2C576&amp;ssl=1\",\"contentUrl\":\"https:\\\/\\\/i0.wp.com\\\/bix.oni.mybluehost.me\\\/website_36b3df82\\\/wp-content\\\/uploads\\\/2026\\\/03\\\/shutterstock_108179315_1.jpg?fit=1024%2C576&amp;ssl=1\"},{\"@type\":\"BreadcrumbList\",\"@id\":\"https:\\\/\\\/calitrak.com\\\/fr\\\/politique-de-cookies\\\/#breadcrumb\",\"itemListElement\":[{\"@type\":\"ListItem\",\"position\":1,\"name\":\"Accueil\",\"item\":\"https:\\\/\\\/calitrak.com\\\/fr\\\/\"},{\"@type\":\"ListItem\",\"position\":2,\"name\":\"Cookie Policy &#8211; Fran\u00e7ais\"}]},{\"@type\":\"WebSite\",\"@id\":\"https:\\\/\\\/calitrak.com\\\/fr\\\/#website\",\"url\":\"https:\\\/\\\/calitrak.com\\\/fr\\\/\",\"name\":\"Calitrak\",\"description\":\"Simplifiez la calibration et la gestion des \u00e9quipements sur une plateforme intelligente.\",\"publisher\":{\"@id\":\"https:\\\/\\\/calitrak.com\\\/fr\\\/#organization\"},\"potentialAction\":[{\"@type\":\"SearchAction\",\"target\":{\"@type\":\"EntryPoint\",\"urlTemplate\":\"https:\\\/\\\/calitrak.com\\\/fr\\\/?s={search_term_string}\"},\"query-input\":{\"@type\":\"PropertyValueSpecification\",\"valueRequired\":true,\"valueName\":\"search_term_string\"}}],\"inLanguage\":\"fr-FR\"},{\"@type\":\"Organization\",\"@id\":\"https:\\\/\\\/calitrak.com\\\/fr\\\/#organization\",\"name\":\"Calitrak\",\"url\":\"https:\\\/\\\/calitrak.com\\\/fr\\\/\",\"logo\":{\"@type\":\"ImageObject\",\"inLanguage\":\"fr-FR\",\"@id\":\"https:\\\/\\\/calitrak.com\\\/fr\\\/#\\\/schema\\\/logo\\\/image\\\/\",\"url\":\"https:\\\/\\\/i0.wp.com\\\/calitrak.com\\\/fr\\\/wp-content\\\/uploads\\\/sites\\\/2\\\/2026\\\/03\\\/Screenshot-2026-03-13-100454-1.webp?fit=1506%2C435&ssl=1\",\"contentUrl\":\"https:\\\/\\\/i0.wp.com\\\/calitrak.com\\\/fr\\\/wp-content\\\/uploads\\\/sites\\\/2\\\/2026\\\/03\\\/Screenshot-2026-03-13-100454-1.webp?fit=1506%2C435&ssl=1\",\"width\":1506,\"height\":435,\"caption\":\"Calitrak\"},\"image\":{\"@id\":\"https:\\\/\\\/calitrak.com\\\/fr\\\/#\\\/schema\\\/logo\\\/image\\\/\"}}]}<\/script>\n<!-- \/ Yoast SEO plugin. -->","yoast_head_json":{"title":"Politique de Cookies - Calitrak","description":"D\u00e9couvrez la politique de cookies de Calitrak pour comprendre comment nous utilisons les cookies sur notre site. Prot\u00e9gez vos donn\u00e9es et personnalisez vos pr\u00e9f\u00e9rences.","robots":{"index":"index","follow":"follow","max-snippet":"max-snippet:-1","max-image-preview":"max-image-preview:large","max-video-preview":"max-video-preview:-1"},"canonical":"https:\/\/calitrak.com\/fr\/politique-de-cookies\/","og_locale":"fr_FR","og_type":"article","og_title":"Politique de Cookies - Calitrak","og_description":"D\u00e9couvrez la politique de cookies de Calitrak pour comprendre comment nous utilisons les cookies sur notre site. Prot\u00e9gez vos donn\u00e9es et personnalisez vos pr\u00e9f\u00e9rences.","og_url":"https:\/\/calitrak.com\/fr\/politique-de-cookies\/","og_site_name":"Calitrak","article_modified_time":"2026-04-25T12:40:44+00:00","twitter_card":"summary_large_image","twitter_misc":{"Dur\u00e9e de lecture estim\u00e9e":"3 minutes"},"schema":{"@context":"https:\/\/schema.org","@graph":[{"@type":"WebPage","@id":"https:\/\/calitrak.com\/fr\/politique-de-cookies\/","url":"https:\/\/calitrak.com\/fr\/politique-de-cookies\/","name":"Politique de Cookies - Calitrak","isPartOf":{"@id":"https:\/\/calitrak.com\/fr\/#website"},"primaryImageOfPage":{"@id":"https:\/\/calitrak.com\/fr\/politique-de-cookies\/#primaryimage"},"image":{"@id":"https:\/\/calitrak.com\/fr\/politique-de-cookies\/#primaryimage"},"thumbnailUrl":"https:\/\/i0.wp.com\/bix.oni.mybluehost.me\/website_36b3df82\/wp-content\/uploads\/2026\/03\/shutterstock_108179315_1.jpg?fit=1024%2C576&amp;ssl=1","datePublished":"2026-03-17T05:47:45+00:00","dateModified":"2026-04-25T12:40:44+00:00","description":"D\u00e9couvrez la politique de cookies de Calitrak pour comprendre comment nous utilisons les cookies sur notre site. Prot\u00e9gez vos donn\u00e9es et personnalisez vos pr\u00e9f\u00e9rences.","breadcrumb":{"@id":"https:\/\/calitrak.com\/fr\/politique-de-cookies\/#breadcrumb"},"inLanguage":"fr-FR","potentialAction":[{"@type":"ReadAction","target":["https:\/\/calitrak.com\/fr\/politique-de-cookies\/"]}]},{"@type":"ImageObject","inLanguage":"fr-FR","@id":"https:\/\/calitrak.com\/fr\/politique-de-cookies\/#primaryimage","url":"https:\/\/i0.wp.com\/bix.oni.mybluehost.me\/website_36b3df82\/wp-content\/uploads\/2026\/03\/shutterstock_108179315_1.jpg?fit=1024%2C576&amp;ssl=1","contentUrl":"https:\/\/i0.wp.com\/bix.oni.mybluehost.me\/website_36b3df82\/wp-content\/uploads\/2026\/03\/shutterstock_108179315_1.jpg?fit=1024%2C576&amp;ssl=1"},{"@type":"BreadcrumbList","@id":"https:\/\/calitrak.com\/fr\/politique-de-cookies\/#breadcrumb","itemListElement":[{"@type":"ListItem","position":1,"name":"Accueil","item":"https:\/\/calitrak.com\/fr\/"},{"@type":"ListItem","position":2,"name":"Cookie Policy &#8211; Fran\u00e7ais"}]},{"@type":"WebSite","@id":"https:\/\/calitrak.com\/fr\/#website","url":"https:\/\/calitrak.com\/fr\/","name":"Calitrak","description":"Simplifiez la calibration et la gestion des \u00e9quipements sur une plateforme intelligente.","publisher":{"@id":"https:\/\/calitrak.com\/fr\/#organization"},"potentialAction":[{"@type":"SearchAction","target":{"@type":"EntryPoint","urlTemplate":"https:\/\/calitrak.com\/fr\/?s={search_term_string}"},"query-input":{"@type":"PropertyValueSpecification","valueRequired":true,"valueName":"search_term_string"}}],"inLanguage":"fr-FR"},{"@type":"Organization","@id":"https:\/\/calitrak.com\/fr\/#organization","name":"Calitrak","url":"https:\/\/calitrak.com\/fr\/","logo":{"@type":"ImageObject","inLanguage":"fr-FR","@id":"https:\/\/calitrak.com\/fr\/#\/schema\/logo\/image\/","url":"https:\/\/i0.wp.com\/calitrak.com\/fr\/wp-content\/uploads\/sites\/2\/2026\/03\/Screenshot-2026-03-13-100454-1.webp?fit=1506%2C435&ssl=1","contentUrl":"https:\/\/i0.wp.com\/calitrak.com\/fr\/wp-content\/uploads\/sites\/2\/2026\/03\/Screenshot-2026-03-13-100454-1.webp?fit=1506%2C435&ssl=1","width":1506,"height":435,"caption":"Calitrak"},"image":{"@id":"https:\/\/calitrak.com\/fr\/#\/schema\/logo\/image\/"}}]}},"uagb_featured_image_src":{"full":false,"thumbnail":false,"medium":false,"medium_large":false,"large":false,"1536x1536":false,"2048x2048":false},"uagb_author_info":{"display_name":"Andres Gleixner","author_link":"https:\/\/calitrak.com\/fr\/author\/an3\/"},"uagb_comment_info":0,"uagb_excerpt":"Politique de Cookies. Cette politique explique comment Calitrak utilise les cookies essentiels pour garantir un acc\u00e8s s\u00e9curis\u00e9 et am\u00e9liorer votre exp\u00e9rience utilisateur. Derni\u00e8re mise \u00e0 jour&nbsp;:&nbsp;17&nbsp;mars&nbsp;2026 Politique de Cookies. Cette politique explique comment Calitrak utilise les cookies essentiels pour garantir un acc\u00e8s s\u00e9curis\u00e9 et am\u00e9liorer votre exp\u00e9rience utilisateur. Derni\u00e8re mise \u00e0 jour&nbsp;:&nbsp;17&nbsp;mars&nbsp;2026 1. INTRODUCTION Cette\u2026","jetpack_sharing_enabled":true,"_links":{"self":[{"href":"https:\/\/calitrak.com\/fr\/wp-json\/wp\/v2\/pages\/321","targetHints":{"allow":["GET"]}}],"collection":[{"href":"https:\/\/calitrak.com\/fr\/wp-json\/wp\/v2\/pages"}],"about":[{"href":"https:\/\/calitrak.com\/fr\/wp-json\/wp\/v2\/types\/page"}],"author":[{"embeddable":true,"href":"https:\/\/calitrak.com\/fr\/wp-json\/wp\/v2\/users\/2"}],"replies":[{"embeddable":true,"href":"https:\/\/calitrak.com\/fr\/wp-json\/wp\/v2\/comments?post=321"}],"version-history":[{"count":12,"href":"https:\/\/calitrak.com\/fr\/wp-json\/wp\/v2\/pages\/321\/revisions"}],"predecessor-version":[{"id":847,"href":"https:\/\/calitrak.com\/fr\/wp-json\/wp\/v2\/pages\/321\/revisions\/847"}],"wp:attachment":[{"href":"https:\/\/calitrak.com\/fr\/wp-json\/wp\/v2\/media?parent=321"}],"curies":[{"name":"wp","href":"https:\/\/api.w.org\/{rel}","templated":true}]}}