{"id":19,"date":"2026-03-10T10:58:28","date_gmt":"2026-03-10T10:58:28","guid":{"rendered":"https:\/\/bix.oni.mybluehost.me\/website_36b3df82\/fr\/?page_id=19"},"modified":"2026-04-27T16:07:33","modified_gmt":"2026-04-27T16:07:33","slug":"contact","status":"publish","type":"page","link":"https:\/\/calitrak.com\/fr\/contact\/","title":{"rendered":"Contact &#8211; Fran\u00e7ais"},"content":{"rendered":"\n<div class=\"wp-block-columns alignfull uag-hide-mob is-layout-flex wp-container-core-columns-is-layout-b162ff7e wp-block-columns-is-layout-flex\" style=\"margin-top:var(--wp--preset--spacing--40);padding-right:var(--wp--preset--spacing--50);padding-left:var(--wp--preset--spacing--50)\">\n<div class=\"wp-block-column is-layout-flow wp-block-column-is-layout-flow\" style=\"padding-right:var(--wp--preset--spacing--50);padding-left:var(--wp--preset--spacing--50)\">\n<h2 class=\"wp-block-heading has-text-align-left has-custom-navy-blue-color has-text-color has-link-color wp-elements-180d3eded3269ab047c21800f958b4ef\" style=\"font-size:50px;font-style:normal;font-weight:100\">Planifier une <strong>d\u00e9mo.<\/strong><\/h2>\n\n\n\n<p class=\"has-custom-navy-blue-color has-text-color has-link-color wp-elements-b3613ca62020e39e3e117d9d0ef748da\" style=\"font-size:30px;font-style:normal;font-weight:100\">Participez \u00e0 une d\u00e9monstration en direct, individuelle, avec un expert produit pour d\u00e9couvrir comment Calitrak peut vous aider.<\/p>\n\n\n\n<ul class=\"wp-block-list\">\n<li class=\"has-custom-navy-blue-color has-text-color has-link-color wp-elements-67a6db3a45679955aaa592f568bfeb9f\" style=\"padding-top:var(--wp--preset--spacing--30);padding-bottom:var(--wp--preset--spacing--30);font-size:20px;font-style:normal;font-weight:100\">Rencontrez un expert produit pour voir comment Calitrak peut s\u2019adapter aux besoins de votre entreprise.<\/li>\n\n\n\n<li class=\"has-custom-navy-blue-color has-text-color has-link-color wp-elements-4f3aff4bea6833d918d2be2f8ddcfed0\" style=\"padding-top:var(--wp--preset--spacing--30);padding-bottom:var(--wp--preset--spacing--30);font-size:20px;font-style:normal;font-weight:100\">Trouvez la solution align\u00e9e avec vos objectifs et vos priorit\u00e9s.<\/li>\n\n\n\n<li class=\"has-custom-navy-blue-color has-text-color has-link-color wp-elements-ae38b93dec965bbc8f3c658f6666b9e2\" style=\"padding-top:var(--wp--preset--spacing--30);padding-bottom:var(--wp--preset--spacing--30);font-size:20px;font-style:normal;font-weight:100\">B\u00e9n\u00e9ficiez d\u2019un accompagnement d\u00e9di\u00e9 pour la mise en place et un d\u00e9marrage rapide.<\/li>\n\n\n\n<li class=\"has-custom-navy-blue-color has-text-color has-link-color wp-elements-7a9594e0fce094b359de9f6e914c8e0a\" style=\"padding-top:var(--wp--preset--spacing--30);padding-bottom:var(--wp--preset--spacing--30);font-size:20px;font-style:normal;font-weight:100\">Une solution \u00e9prouv\u00e9e pour aider les entreprises \u00e0 am\u00e9liorer leur productivit\u00e9 et \u00e0 r\u00e9duire les non-conformit\u00e9s.<\/li>\n<\/ul>\n\n\n\n<h2 class=\"wp-block-heading has-custom-navy-blue-color has-text-color has-link-color wp-elements-22d958a280032491cdcd9ba580dd0bf6\" style=\"font-size:30px;font-style:normal;font-weight:100\"><strong>Adopt\u00e9 par les plus grandes entreprises au monde.<\/strong><\/h2>\n<\/div>\n\n\n\n<div class=\"wp-block-column is-layout-flow wp-block-column-is-layout-flow\" style=\"padding-right:var(--wp--preset--spacing--60);padding-left:var(--wp--preset--spacing--60)\"><div class=\"wp-block-jetpack-contact-form is-style-default\"><a href=\"https:\/\/calitrak.com\/fr\/contact\/\" target=\"_blank\" rel=\"noopener noreferrer\">Soumettre un formulaire.<\/a><\/div><\/div>\n<\/div>\n\n\n\n<div class=\"wp-block-columns alignfull uag-hide-desktop uag-hide-tab is-layout-flex wp-container-core-columns-is-layout-771c1b27 wp-block-columns-is-layout-flex\" style=\"margin-top:var(--wp--preset--spacing--40);padding-top:var(--wp--preset--spacing--20);padding-right:var(--wp--preset--spacing--20);padding-left:var(--wp--preset--spacing--20)\">\n<div class=\"wp-block-column is-layout-flow wp-block-column-is-layout-flow\" style=\"padding-right:var(--wp--preset--spacing--50);padding-left:var(--wp--preset--spacing--50)\">\n<h2 class=\"wp-block-heading has-text-align-left has-custom-navy-blue-color has-text-color has-link-color wp-elements-d734b49494c29781d949c6aa442cdf73\" style=\"font-size:40px;font-style:normal;font-weight:100\">Planifier une <strong>d\u00e9mo.<\/strong><\/h2>\n\n\n\n<p class=\"has-custom-navy-blue-color has-text-color has-link-color wp-elements-9399205fc77233b1fe456104d16bf39f\" style=\"font-size:20px;font-style:normal;font-weight:100\">Participez \u00e0 une d\u00e9monstration en direct, individuelle, avec un expert produit pour d\u00e9couvrir comment Calitrak peut vous aider.<\/p>\n\n\n\n<ul class=\"wp-block-list\">\n<li class=\"has-custom-navy-blue-color has-text-color has-link-color wp-elements-d1fe32d21f98708cf0624e12cfe2ef3c\" style=\"padding-top:var(--wp--preset--spacing--30);padding-bottom:var(--wp--preset--spacing--30);font-size:16px;font-style:normal;font-weight:100\">Rencontrez un expert produit pour voir comment Calitrak peut s\u2019adapter aux besoins de votre entreprise.<\/li>\n\n\n\n<li class=\"has-custom-navy-blue-color has-text-color has-link-color wp-elements-1f129560f284c2c0b40648e0dbe6598a\" style=\"padding-top:var(--wp--preset--spacing--30);padding-bottom:var(--wp--preset--spacing--30);font-size:16px;font-style:normal;font-weight:100\">Trouvez la solution align\u00e9e avec vos objectifs et vos priorit\u00e9s.<\/li>\n\n\n\n<li class=\"has-custom-navy-blue-color has-text-color has-link-color wp-elements-eebe44ee64f2126fb58b185a72eb1382\" style=\"padding-top:var(--wp--preset--spacing--30);padding-bottom:var(--wp--preset--spacing--30);font-size:16px;font-style:normal;font-weight:100\">B\u00e9n\u00e9ficiez d\u2019un accompagnement d\u00e9di\u00e9 pour la mise en place et un d\u00e9marrage rapide.<\/li>\n\n\n\n<li class=\"has-custom-navy-blue-color has-text-color has-link-color wp-elements-2145777d8298a8bfe0ada6ffc887c509\" style=\"padding-top:var(--wp--preset--spacing--30);padding-bottom:var(--wp--preset--spacing--30);font-size:16px;font-style:normal;font-weight:100\">Une solution \u00e9prouv\u00e9e pour aider les entreprises \u00e0 am\u00e9liorer leur productivit\u00e9 et \u00e0 r\u00e9duire les non-conformit\u00e9s.<\/li>\n<\/ul>\n\n\n\n<h2 class=\"wp-block-heading has-text-align-center has-custom-navy-blue-color has-text-color has-link-color wp-elements-fd9551e15dc0d4a65a7288be8b4ebe1a\" style=\"font-size:30px;font-style:normal;font-weight:100\"><strong><strong>Adopt\u00e9 par les plus grandes entreprises au monde.<\/strong><\/strong><\/h2>\n<\/div>\n\n\n\n<div class=\"wp-block-column is-layout-flow wp-block-column-is-layout-flow\" style=\"padding-right:var(--wp--preset--spacing--20);padding-left:var(--wp--preset--spacing--20)\"><div class=\"wp-block-jetpack-contact-form is-style-default\"><a href=\"https:\/\/calitrak.com\/fr\/contact\/\" target=\"_blank\" rel=\"noopener noreferrer\">Soumettre un formulaire.<\/a><\/div><\/div>\n<\/div>\n\n\n\n<p class=\"\"><\/p>\n","protected":false},"excerpt":{"rendered":"<p>Planifier une d\u00e9mo. Participez \u00e0 une d\u00e9monstration en direct, individuelle, avec un expert produit pour d\u00e9couvrir comment Calitrak peut vous aider. Adopt\u00e9 par les plus grandes entreprises au monde. Planifier une d\u00e9mo. Participez \u00e0 une d\u00e9monstration en direct, individuelle, avec un expert produit pour d\u00e9couvrir comment Calitrak peut vous aider. Adopt\u00e9 par les plus grandes [&hellip;]<\/p>\n","protected":false},"author":1,"featured_media":0,"parent":0,"menu_order":0,"comment_status":"closed","ping_status":"closed","template":"page-no-title","meta":{"nf_dc_page":"","om_disable_all_campaigns":false,"_uag_custom_page_level_css":"","footnotes":""},"class_list":["post-19","page","type-page","status-publish","hentry"],"yoast_head":"<!-- This site is optimized with the Yoast SEO plugin v27.5 - https:\/\/yoast.com\/product\/yoast-seo-wordpress\/ -->\n<title>Contactez Calitrak - Support et Informations<\/title>\n<meta name=\"description\" content=\"Contactez Calitrak pour toute question ou demande. Notre \u00e9quipe est \u00e0 votre \u00e9coute pour vous fournir des informations sur nos services.\" \/>\n<meta name=\"robots\" content=\"index, follow, max-snippet:-1, max-image-preview:large, max-video-preview:-1\" \/>\n<link rel=\"canonical\" href=\"https:\/\/calitrak.com\/fr\/contact\/\" \/>\n<meta property=\"og:locale\" content=\"fr_FR\" \/>\n<meta property=\"og:type\" content=\"article\" \/>\n<meta property=\"og:title\" content=\"Contactez Calitrak - Support et Informations\" \/>\n<meta property=\"og:description\" content=\"Contactez Calitrak pour toute question ou demande. Notre \u00e9quipe est \u00e0 votre \u00e9coute pour vous fournir des informations sur nos services.\" \/>\n<meta property=\"og:url\" content=\"https:\/\/calitrak.com\/fr\/contact\/\" \/>\n<meta property=\"og:site_name\" content=\"Calitrak\" \/>\n<meta property=\"article:modified_time\" content=\"2026-04-27T16:07:33+00:00\" \/>\n<meta name=\"twitter:card\" content=\"summary_large_image\" \/>\n<meta name=\"twitter:label1\" content=\"Dur\u00e9e de lecture estim\u00e9e\" \/>\n\t<meta name=\"twitter:data1\" content=\"1 minute\" \/>\n<script type=\"application\/ld+json\" class=\"yoast-schema-graph\">{\"@context\":\"https:\\\/\\\/schema.org\",\"@graph\":[{\"@type\":\"WebPage\",\"@id\":\"https:\\\/\\\/calitrak.com\\\/fr\\\/contact\\\/\",\"url\":\"https:\\\/\\\/calitrak.com\\\/fr\\\/contact\\\/\",\"name\":\"Contactez Calitrak - Support et Informations\",\"isPartOf\":{\"@id\":\"https:\\\/\\\/calitrak.com\\\/fr\\\/#website\"},\"datePublished\":\"2026-03-10T10:58:28+00:00\",\"dateModified\":\"2026-04-27T16:07:33+00:00\",\"description\":\"Contactez Calitrak pour toute question ou demande. Notre \u00e9quipe est \u00e0 votre \u00e9coute pour vous fournir des informations sur nos services.\",\"breadcrumb\":{\"@id\":\"https:\\\/\\\/calitrak.com\\\/fr\\\/contact\\\/#breadcrumb\"},\"inLanguage\":\"fr-FR\",\"potentialAction\":[{\"@type\":\"ReadAction\",\"target\":[\"https:\\\/\\\/calitrak.com\\\/fr\\\/contact\\\/\"]}]},{\"@type\":\"BreadcrumbList\",\"@id\":\"https:\\\/\\\/calitrak.com\\\/fr\\\/contact\\\/#breadcrumb\",\"itemListElement\":[{\"@type\":\"ListItem\",\"position\":1,\"name\":\"Accueil\",\"item\":\"https:\\\/\\\/calitrak.com\\\/fr\\\/\"},{\"@type\":\"ListItem\",\"position\":2,\"name\":\"Contact &#8211; Fran\u00e7ais\"}]},{\"@type\":\"WebSite\",\"@id\":\"https:\\\/\\\/calitrak.com\\\/fr\\\/#website\",\"url\":\"https:\\\/\\\/calitrak.com\\\/fr\\\/\",\"name\":\"Calitrak\",\"description\":\"Simplifiez la calibration et la gestion des \u00e9quipements sur une plateforme intelligente.\",\"publisher\":{\"@id\":\"https:\\\/\\\/calitrak.com\\\/fr\\\/#organization\"},\"potentialAction\":[{\"@type\":\"SearchAction\",\"target\":{\"@type\":\"EntryPoint\",\"urlTemplate\":\"https:\\\/\\\/calitrak.com\\\/fr\\\/?s={search_term_string}\"},\"query-input\":{\"@type\":\"PropertyValueSpecification\",\"valueRequired\":true,\"valueName\":\"search_term_string\"}}],\"inLanguage\":\"fr-FR\"},{\"@type\":\"Organization\",\"@id\":\"https:\\\/\\\/calitrak.com\\\/fr\\\/#organization\",\"name\":\"Calitrak\",\"url\":\"https:\\\/\\\/calitrak.com\\\/fr\\\/\",\"logo\":{\"@type\":\"ImageObject\",\"inLanguage\":\"fr-FR\",\"@id\":\"https:\\\/\\\/calitrak.com\\\/fr\\\/#\\\/schema\\\/logo\\\/image\\\/\",\"url\":\"https:\\\/\\\/i0.wp.com\\\/calitrak.com\\\/fr\\\/wp-content\\\/uploads\\\/sites\\\/2\\\/2026\\\/03\\\/Screenshot-2026-03-13-100454-1.webp?fit=1506%2C435&ssl=1\",\"contentUrl\":\"https:\\\/\\\/i0.wp.com\\\/calitrak.com\\\/fr\\\/wp-content\\\/uploads\\\/sites\\\/2\\\/2026\\\/03\\\/Screenshot-2026-03-13-100454-1.webp?fit=1506%2C435&ssl=1\",\"width\":1506,\"height\":435,\"caption\":\"Calitrak\"},\"image\":{\"@id\":\"https:\\\/\\\/calitrak.com\\\/fr\\\/#\\\/schema\\\/logo\\\/image\\\/\"}}]}<\/script>\n<!-- \/ Yoast SEO plugin. -->","yoast_head_json":{"title":"Contactez Calitrak - Support et Informations","description":"Contactez Calitrak pour toute question ou demande. Notre \u00e9quipe est \u00e0 votre \u00e9coute pour vous fournir des informations sur nos services.","robots":{"index":"index","follow":"follow","max-snippet":"max-snippet:-1","max-image-preview":"max-image-preview:large","max-video-preview":"max-video-preview:-1"},"canonical":"https:\/\/calitrak.com\/fr\/contact\/","og_locale":"fr_FR","og_type":"article","og_title":"Contactez Calitrak - Support et Informations","og_description":"Contactez Calitrak pour toute question ou demande. Notre \u00e9quipe est \u00e0 votre \u00e9coute pour vous fournir des informations sur nos services.","og_url":"https:\/\/calitrak.com\/fr\/contact\/","og_site_name":"Calitrak","article_modified_time":"2026-04-27T16:07:33+00:00","twitter_card":"summary_large_image","twitter_misc":{"Dur\u00e9e de lecture estim\u00e9e":"1 minute"},"schema":{"@context":"https:\/\/schema.org","@graph":[{"@type":"WebPage","@id":"https:\/\/calitrak.com\/fr\/contact\/","url":"https:\/\/calitrak.com\/fr\/contact\/","name":"Contactez Calitrak - Support et Informations","isPartOf":{"@id":"https:\/\/calitrak.com\/fr\/#website"},"datePublished":"2026-03-10T10:58:28+00:00","dateModified":"2026-04-27T16:07:33+00:00","description":"Contactez Calitrak pour toute question ou demande. Notre \u00e9quipe est \u00e0 votre \u00e9coute pour vous fournir des informations sur nos services.","breadcrumb":{"@id":"https:\/\/calitrak.com\/fr\/contact\/#breadcrumb"},"inLanguage":"fr-FR","potentialAction":[{"@type":"ReadAction","target":["https:\/\/calitrak.com\/fr\/contact\/"]}]},{"@type":"BreadcrumbList","@id":"https:\/\/calitrak.com\/fr\/contact\/#breadcrumb","itemListElement":[{"@type":"ListItem","position":1,"name":"Accueil","item":"https:\/\/calitrak.com\/fr\/"},{"@type":"ListItem","position":2,"name":"Contact &#8211; Fran\u00e7ais"}]},{"@type":"WebSite","@id":"https:\/\/calitrak.com\/fr\/#website","url":"https:\/\/calitrak.com\/fr\/","name":"Calitrak","description":"Simplifiez la calibration et la gestion des \u00e9quipements sur une plateforme intelligente.","publisher":{"@id":"https:\/\/calitrak.com\/fr\/#organization"},"potentialAction":[{"@type":"SearchAction","target":{"@type":"EntryPoint","urlTemplate":"https:\/\/calitrak.com\/fr\/?s={search_term_string}"},"query-input":{"@type":"PropertyValueSpecification","valueRequired":true,"valueName":"search_term_string"}}],"inLanguage":"fr-FR"},{"@type":"Organization","@id":"https:\/\/calitrak.com\/fr\/#organization","name":"Calitrak","url":"https:\/\/calitrak.com\/fr\/","logo":{"@type":"ImageObject","inLanguage":"fr-FR","@id":"https:\/\/calitrak.com\/fr\/#\/schema\/logo\/image\/","url":"https:\/\/i0.wp.com\/calitrak.com\/fr\/wp-content\/uploads\/sites\/2\/2026\/03\/Screenshot-2026-03-13-100454-1.webp?fit=1506%2C435&ssl=1","contentUrl":"https:\/\/i0.wp.com\/calitrak.com\/fr\/wp-content\/uploads\/sites\/2\/2026\/03\/Screenshot-2026-03-13-100454-1.webp?fit=1506%2C435&ssl=1","width":1506,"height":435,"caption":"Calitrak"},"image":{"@id":"https:\/\/calitrak.com\/fr\/#\/schema\/logo\/image\/"}}]}},"uagb_featured_image_src":{"full":false,"thumbnail":false,"medium":false,"medium_large":false,"large":false,"1536x1536":false,"2048x2048":false},"uagb_author_info":{"display_name":"steph.dallaire","author_link":"https:\/\/calitrak.com\/fr\/author\/steph-dallaire\/"},"uagb_comment_info":0,"uagb_excerpt":"Planifier une d\u00e9mo. Participez \u00e0 une d\u00e9monstration en direct, individuelle, avec un expert produit pour d\u00e9couvrir comment Calitrak peut vous aider. Adopt\u00e9 par les plus grandes entreprises au monde. Planifier une d\u00e9mo. Participez \u00e0 une d\u00e9monstration en direct, individuelle, avec un expert produit pour d\u00e9couvrir comment Calitrak peut vous aider. Adopt\u00e9 par les plus grandes\u2026","jetpack_sharing_enabled":true,"_links":{"self":[{"href":"https:\/\/calitrak.com\/fr\/wp-json\/wp\/v2\/pages\/19","targetHints":{"allow":["GET"]}}],"collection":[{"href":"https:\/\/calitrak.com\/fr\/wp-json\/wp\/v2\/pages"}],"about":[{"href":"https:\/\/calitrak.com\/fr\/wp-json\/wp\/v2\/types\/page"}],"author":[{"embeddable":true,"href":"https:\/\/calitrak.com\/fr\/wp-json\/wp\/v2\/users\/1"}],"replies":[{"embeddable":true,"href":"https:\/\/calitrak.com\/fr\/wp-json\/wp\/v2\/comments?post=19"}],"version-history":[{"count":20,"href":"https:\/\/calitrak.com\/fr\/wp-json\/wp\/v2\/pages\/19\/revisions"}],"predecessor-version":[{"id":867,"href":"https:\/\/calitrak.com\/fr\/wp-json\/wp\/v2\/pages\/19\/revisions\/867"}],"wp:attachment":[{"href":"https:\/\/calitrak.com\/fr\/wp-json\/wp\/v2\/media?parent=19"}],"curies":[{"name":"wp","href":"https:\/\/api.w.org\/{rel}","templated":true}]}}